{"id":136,"date":"2025-01-11T15:11:56","date_gmt":"2025-01-11T15:11:56","guid":{"rendered":"https:\/\/location-loge.fr\/blog\/?page_id=136"},"modified":"2025-01-11T15:11:56","modified_gmt":"2025-01-11T15:11:56","slug":"contactez-location-loge-prod19","status":"publish","type":"page","link":"https:\/\/location-loge.fr\/blog\/index.php\/contactez-location-loge-prod19\/","title":{"rendered":"Contactez Location-Loge PROD19"},"content":{"rendered":"\n<p><\/p>\n\n\n\n<p>Nous serions ravis de discuter de vos besoins en <strong>loges mobiles<\/strong> et de vous aider \u00e0 organiser un \u00e9v\u00e9nement r\u00e9ussi. Vous pouvez nous contacter via plusieurs moyens pour obtenir des informations suppl\u00e9mentaires ou pour r\u00e9server vos loges :<\/p>\n\n\n\n<p><\/p>\n\n\n\n<h4 class=\"wp-block-heading\"><strong>T\u00e9l\u00e9phone :<\/strong><\/h4>\n\n\n\n<ul class=\"wp-block-list\">\n<li><strong>+33 7 62 45 59 20<\/strong><\/li>\n<\/ul>\n\n\n\n<p><\/p>\n\n\n\n<h4 class=\"wp-block-heading\"><strong>Email :<\/strong><\/h4>\n\n\n\n<ul class=\"wp-block-list\">\n<li><a href=\"mailto:contact@location-loge.fr\">contact@location-loge.fr<\/a><\/li>\n\n\n\n<li><a href=\"contact@prod19.fr\" data-type=\"link\" data-id=\"contact@prod19.fr\">contact@prod19.fr <\/a><\/li>\n<\/ul>\n\n\n\n<p><\/p>\n\n\n\n<h4 class=\"wp-block-heading\"><strong>R\u00e9seaux sociaux :<\/strong><\/h4>\n\n\n\n<ul class=\"wp-block-list\">\n<li><a href=\"https:\/\/www.instagram.com\/location_loge_tourbus\/\">Instagram<\/a><\/li>\n\n\n\n<li><a href=\"https:\/\/www.facebook.com\/profile.php?id=61555696171019\">Facebook<\/a><\/li>\n\n\n\n<li><a href=\"https:\/\/www.tiktok.com\/@location_loge_tourbus\">TikTok<\/a><\/li>\n<\/ul>\n\n\n\n<p>Nous sommes disponibles <strong>7 jours sur 7<\/strong>, m\u00eame pendant les \u00e9v\u00e9nements, pour r\u00e9pondre \u00e0 toutes vos questions et vous aider \u00e0 r\u00e9server vos loges.<\/p>\n","protected":false},"excerpt":{"rendered":"<p>Nous serions ravis de discuter de vos besoins en loges mobiles et de vous aider \u00e0 organiser un \u00e9v\u00e9nement r\u00e9ussi. Vous pouvez nous contacter via plusieurs moyens pour obtenir des informations suppl\u00e9mentaires ou pour r\u00e9server vos loges : T\u00e9l\u00e9phone : Email : R\u00e9seaux sociaux : Nous sommes disponibles 7 jours sur 7, m\u00eame pendant les [&hellip;]<\/p>\n","protected":false},"author":1,"featured_media":0,"parent":0,"menu_order":0,"comment_status":"closed","ping_status":"closed","template":"","meta":{"footnotes":""},"class_list":["post-136","page","type-page","status-publish","hentry"],"_links":{"self":[{"href":"https:\/\/location-loge.fr\/blog\/index.php\/wp-json\/wp\/v2\/pages\/136","targetHints":{"allow":["GET"]}}],"collection":[{"href":"https:\/\/location-loge.fr\/blog\/index.php\/wp-json\/wp\/v2\/pages"}],"about":[{"href":"https:\/\/location-loge.fr\/blog\/index.php\/wp-json\/wp\/v2\/types\/page"}],"author":[{"embeddable":true,"href":"https:\/\/location-loge.fr\/blog\/index.php\/wp-json\/wp\/v2\/users\/1"}],"replies":[{"embeddable":true,"href":"https:\/\/location-loge.fr\/blog\/index.php\/wp-json\/wp\/v2\/comments?post=136"}],"version-history":[{"count":1,"href":"https:\/\/location-loge.fr\/blog\/index.php\/wp-json\/wp\/v2\/pages\/136\/revisions"}],"predecessor-version":[{"id":137,"href":"https:\/\/location-loge.fr\/blog\/index.php\/wp-json\/wp\/v2\/pages\/136\/revisions\/137"}],"wp:attachment":[{"href":"https:\/\/location-loge.fr\/blog\/index.php\/wp-json\/wp\/v2\/media?parent=136"}],"curies":[{"name":"wp","href":"https:\/\/api.w.org\/{rel}","templated":true}]}}