{"id":144,"date":"2025-01-11T15:24:02","date_gmt":"2025-01-11T15:24:02","guid":{"rendered":"https:\/\/location-loge.fr\/blog\/?page_id=144"},"modified":"2025-01-11T15:24:02","modified_gmt":"2025-01-11T15:24:02","slug":"assistance-client","status":"publish","type":"page","link":"https:\/\/location-loge.fr\/blog\/index.php\/assistance-client\/","title":{"rendered":"Assistance Client"},"content":{"rendered":"\n<p>Assistance Client &#8211; Nous sommes l\u00e0 pour vous aider !<\/p>\n\n\n\n<p><\/p>\n\n\n\n<p>Chez <strong>Location-Loge PROD19<\/strong>, nous mettons un point d&rsquo;honneur \u00e0 offrir un service client irr\u00e9prochable. Si vous avez la moindre question ou si vous avez besoin d&rsquo;aide pour vos r\u00e9servations ou pour toute autre demande, notre \u00e9quipe est disponible pour vous assister.<\/p>\n\n\n\n<p><\/p>\n\n\n\n<h4 class=\"wp-block-heading\"><strong>Nos services d\u2019assistance incluent :<\/strong><\/h4>\n\n\n\n<ul class=\"wp-block-list\">\n<li><strong>R\u00e9ponse rapide :<\/strong> Vous pouvez nous contacter pour toute question relative \u00e0 la location de loges, l\u2019installation, les services suppl\u00e9mentaires, et plus encore.<\/li>\n\n\n\n<li><strong>Support t\u00e9l\u00e9phonique :<\/strong> Nous r\u00e9pondons \u00e0 vos questions directement par t\u00e9l\u00e9phone.<\/li>\n\n\n\n<li><strong>Assistance par email :<\/strong> Vous pouvez nous envoyer vos questions par email pour une r\u00e9ponse d\u00e9taill\u00e9e.<\/li>\n\n\n\n<li><strong>Formulaire de contact en ligne :<\/strong> Pour nous envoyer des demandes sp\u00e9cifiques ou des commentaires.<\/li>\n<\/ul>\n\n\n\n<p><\/p>\n\n\n\n<h4 class=\"wp-block-heading\"><strong>Modes de contact :<\/strong><\/h4>\n\n\n\n<ul class=\"wp-block-list\">\n<li><strong>T\u00e9l\u00e9phone :<\/strong> +33 7 62 45 59 20<\/li>\n\n\n\n<li><strong>Email :<\/strong> <a href=\"mailto:contact@location-loge.fr\">contact@location-loge.fr<\/a><\/li>\n\n\n\n<li><strong>Formulaire de contact :<\/strong> <a href=\"https:\/\/www.location-loge.fr\/contact.html\" target=\"_blank\" rel=\"noreferrer noopener\">Formulaire de contact en ligne<\/a><\/li>\n<\/ul>\n\n\n\n<p><strong>Heures d&rsquo;Assistance :<\/strong> Nous sommes disponibles <strong>7 jours sur 7<\/strong>, m\u00eame pendant les \u00e9v\u00e9nements, pour garantir que toutes vos pr\u00e9occupations soient prises en charge rapidement.<\/p>\n","protected":false},"excerpt":{"rendered":"<p>Assistance Client &#8211; Nous sommes l\u00e0 pour vous aider ! Chez Location-Loge PROD19, nous mettons un point d&rsquo;honneur \u00e0 offrir un service client irr\u00e9prochable. Si vous avez la moindre question ou si vous avez besoin d&rsquo;aide pour vos r\u00e9servations ou pour toute autre demande, notre \u00e9quipe est disponible pour vous assister. Nos services d\u2019assistance incluent [&hellip;]<\/p>\n","protected":false},"author":1,"featured_media":0,"parent":0,"menu_order":0,"comment_status":"closed","ping_status":"closed","template":"","meta":{"footnotes":""},"class_list":["post-144","page","type-page","status-publish","hentry"],"_links":{"self":[{"href":"https:\/\/location-loge.fr\/blog\/index.php\/wp-json\/wp\/v2\/pages\/144","targetHints":{"allow":["GET"]}}],"collection":[{"href":"https:\/\/location-loge.fr\/blog\/index.php\/wp-json\/wp\/v2\/pages"}],"about":[{"href":"https:\/\/location-loge.fr\/blog\/index.php\/wp-json\/wp\/v2\/types\/page"}],"author":[{"embeddable":true,"href":"https:\/\/location-loge.fr\/blog\/index.php\/wp-json\/wp\/v2\/users\/1"}],"replies":[{"embeddable":true,"href":"https:\/\/location-loge.fr\/blog\/index.php\/wp-json\/wp\/v2\/comments?post=144"}],"version-history":[{"count":1,"href":"https:\/\/location-loge.fr\/blog\/index.php\/wp-json\/wp\/v2\/pages\/144\/revisions"}],"predecessor-version":[{"id":145,"href":"https:\/\/location-loge.fr\/blog\/index.php\/wp-json\/wp\/v2\/pages\/144\/revisions\/145"}],"wp:attachment":[{"href":"https:\/\/location-loge.fr\/blog\/index.php\/wp-json\/wp\/v2\/media?parent=144"}],"curies":[{"name":"wp","href":"https:\/\/api.w.org\/{rel}","templated":true}]}}