{"id":150,"date":"2025-01-11T15:28:22","date_gmt":"2025-01-11T15:28:22","guid":{"rendered":"https:\/\/location-loge.fr\/blog\/?page_id=150"},"modified":"2025-01-11T15:28:22","modified_gmt":"2025-01-11T15:28:22","slug":"support-produit","status":"publish","type":"page","link":"https:\/\/location-loge.fr\/blog\/index.php\/support-produit\/","title":{"rendered":"Support Produit"},"content":{"rendered":"\n<p>Support Produit &#8211; Nos loges mobiles \u00e0 votre service<\/p>\n\n\n\n<p><\/p>\n\n\n\n<p>Nous nous engageons \u00e0 fournir des produits de la plus haute qualit\u00e9. Si vous avez des questions concernant l\u2019utilisation, le fonctionnement ou la maintenance de nos loges mobiles, nous sommes l\u00e0 pour vous aider.<\/p>\n\n\n\n<p><\/p>\n\n\n\n<h4 class=\"wp-block-heading\"><strong>Nos produits et leurs caract\u00e9ristiques :<\/strong><\/h4>\n\n\n\n<ul class=\"wp-block-list\">\n<li><strong>Loges VIP :<\/strong> Confort et luxe pour vos invit\u00e9s et VIP.<\/li>\n\n\n\n<li><strong>Loges de maquillage et coiffure :<\/strong> Parfaitement adapt\u00e9es pour les tournages ou \u00e9v\u00e9nements n\u00e9cessitant des espaces de pr\u00e9paration.<\/li>\n\n\n\n<li><strong>Loges Airstream et Caravanes :<\/strong> Des mod\u00e8les uniques offrant une touche vintage tout en offrant un confort moderne.<\/li>\n\n\n\n<li><strong>Loges de production :<\/strong> Des espaces professionnels pour les \u00e9quipes de tournage ou de gestion d&rsquo;\u00e9v\u00e9nements.<\/li>\n<\/ul>\n\n\n\n<p><\/p>\n\n\n\n<h4 class=\"wp-block-heading\"><strong>Guide d\u2019utilisation et d\u00e9pannage :<\/strong><\/h4>\n\n\n\n<ul class=\"wp-block-list\">\n<li><strong>Utilisation des \u00e9quipements :<\/strong> Chaque loge est fournie avec des instructions d\u00e9taill\u00e9es pour une utilisation optimale des installations.<\/li>\n\n\n\n<li><strong>D\u00e9pannage rapide :<\/strong> Si un probl\u00e8me survient avec une loge pendant l&rsquo;\u00e9v\u00e9nement, notre \u00e9quipe de support technique est disponible pour r\u00e9soudre rapidement toute situation.<\/li>\n\n\n\n<li><strong>Maintenance :<\/strong> Les loges sont r\u00e9guli\u00e8rement inspect\u00e9es et maintenues avant chaque location pour garantir leur parfait \u00e9tat de fonctionnement.<\/li>\n<\/ul>\n\n\n\n<p><\/p>\n\n\n\n<h4 class=\"wp-block-heading\"><strong>Support technique :<\/strong><\/h4>\n\n\n\n<p>En cas de dysfonctionnement, vous pouvez contacter notre service de support produit au <strong>+33 7 62 45 59 20<\/strong> ou par email \u00e0 <a href=\"mailto:contact@location-loge.fr\">contact@location-loge.fr<\/a>.<\/p>\n\n\n\n<hr class=\"wp-block-separator has-alpha-channel-opacity\"\/>\n","protected":false},"excerpt":{"rendered":"<p>Support Produit &#8211; Nos loges mobiles \u00e0 votre service Nous nous engageons \u00e0 fournir des produits de la plus haute qualit\u00e9. Si vous avez des questions concernant l\u2019utilisation, le fonctionnement ou la maintenance de nos loges mobiles, nous sommes l\u00e0 pour vous aider. Nos produits et leurs caract\u00e9ristiques : Guide d\u2019utilisation et d\u00e9pannage : Support [&hellip;]<\/p>\n","protected":false},"author":1,"featured_media":0,"parent":0,"menu_order":0,"comment_status":"closed","ping_status":"closed","template":"","meta":{"footnotes":""},"class_list":["post-150","page","type-page","status-publish","hentry"],"_links":{"self":[{"href":"https:\/\/location-loge.fr\/blog\/index.php\/wp-json\/wp\/v2\/pages\/150","targetHints":{"allow":["GET"]}}],"collection":[{"href":"https:\/\/location-loge.fr\/blog\/index.php\/wp-json\/wp\/v2\/pages"}],"about":[{"href":"https:\/\/location-loge.fr\/blog\/index.php\/wp-json\/wp\/v2\/types\/page"}],"author":[{"embeddable":true,"href":"https:\/\/location-loge.fr\/blog\/index.php\/wp-json\/wp\/v2\/users\/1"}],"replies":[{"embeddable":true,"href":"https:\/\/location-loge.fr\/blog\/index.php\/wp-json\/wp\/v2\/comments?post=150"}],"version-history":[{"count":1,"href":"https:\/\/location-loge.fr\/blog\/index.php\/wp-json\/wp\/v2\/pages\/150\/revisions"}],"predecessor-version":[{"id":151,"href":"https:\/\/location-loge.fr\/blog\/index.php\/wp-json\/wp\/v2\/pages\/150\/revisions\/151"}],"wp:attachment":[{"href":"https:\/\/location-loge.fr\/blog\/index.php\/wp-json\/wp\/v2\/media?parent=150"}],"curies":[{"name":"wp","href":"https:\/\/api.w.org\/{rel}","templated":true}]}}