{"id":160,"date":"2025-01-15T17:23:53","date_gmt":"2025-01-15T17:23:53","guid":{"rendered":"https:\/\/location-loge.fr\/blog\/?page_id=160"},"modified":"2025-01-16T17:23:35","modified_gmt":"2025-01-16T17:23:35","slug":"decouvrez-nos-differentes-pages","status":"publish","type":"page","link":"https:\/\/location-loge.fr\/blog\/index.php\/decouvrez-nos-differentes-pages\/","title":{"rendered":"D\u00e9couvrez Nos Diff\u00e9rentes Pages"},"content":{"rendered":"\n<p><\/p>\n\n\n\n<hr class=\"wp-block-separator has-alpha-channel-opacity\"\/>\n\n\n\n<h4 class=\"wp-block-heading\"><strong>Introduction :<\/strong><\/h4>\n\n\n\n<p>Bienvenue sur notre page <strong>\u00ab\u00a0+ de Pages\u00a0\u00bb<\/strong> ! <\/p>\n\n\n\n<p>Ici, vous pouvez explorer toutes les <strong>pages suppl\u00e9mentaires<\/strong> que nous proposons. Pour une meilleure exp\u00e9rience, nous avons regroup\u00e9 toutes les informations essentielles sous des cat\u00e9gories sp\u00e9cifiques pour vous permettre de naviguer facilement \u00e0 travers notre site.<\/p>\n\n\n\n<hr class=\"wp-block-separator has-alpha-channel-opacity\"\/>\n\n\n\n<h3 class=\"wp-block-heading\">1. <strong>Espaces Mobiles<\/strong><\/h3>\n\n\n\n<p>D\u00e9couvrez nos <strong>espaces mobiles de luxe<\/strong>, adapt\u00e9s \u00e0 tous types d&rsquo;\u00e9v\u00e9nements, de tournages, de mariages et de festivals. Offrant confort, flexibilit\u00e9 et personnalisation, nos unit\u00e9s modulables r\u00e9pondent \u00e0 tous vos besoins. Pour en savoir plus et r\u00e9server, cliquez sur le lien suivant : <a href=\"https:\/\/location-loge.fr\/blog\/index.php\/espaces-mobiles\/\" data-type=\"page\" data-id=\"158\" target=\"_blank\" rel=\"noreferrer noopener\">D\u00e9co<\/a><a href=\"https:\/\/location-loge.fr\/blog\/index.php\/espaces-mobiles\/\" data-type=\"page\" data-id=\"158\">uvrez nos Espaces Mobiles. <\/a><\/p>\n\n\n\n<hr class=\"wp-block-separator has-alpha-channel-opacity\"\/>\n\n\n\n<h3 class=\"wp-block-heading\">2. <strong>Loges et Bungalows Mobiles<\/strong><\/h3>\n\n\n\n<p>D\u00e9couvrez nos <strong>loges et bungalows mobiles<\/strong> de luxe, con\u00e7us pour offrir confort, flexibilit\u00e9 et personnalisation lors de <strong>tournages<\/strong>, <strong>festivals<\/strong>, <strong>r\u00e9ceptions<\/strong> et autres \u00e9v\u00e9nements. Nos <strong>espaces modulables<\/strong> r\u00e9pondent \u00e0 tous vos besoins, que ce soit pour accueillir des artistes, des \u00e9quipes de production, ou pour offrir \u00e0 vos invit\u00e9s une exp\u00e9rience inoubliable.<\/p>\n\n\n\n<p>Pour en savoir plus et r\u00e9server, cliquez sur le lien suivant : <a href=\"https:\/\/location-loge.fr\/blog\/index.php\/loges-et-bungalows-mobiles\/\" data-type=\"page\" data-id=\"166\" target=\"_blank\" rel=\"noreferrer noopener\">D\u00e9couvrez nos Loges et Bungalows Mobiles<\/a>.<\/p>\n\n\n\n<p><\/p>\n\n\n\n<h3 class=\"wp-block-heading\">3. <strong>V\u00e9hicules Am\u00e9nag\u00e9s pour \u00c9v\u00e9nements<\/strong><\/h3>\n\n\n\n<p>D\u00e9couvrez nos <strong>v\u00e9hicules am\u00e9nag\u00e9s<\/strong> de luxe, sp\u00e9cialement con\u00e7us pour accueillir vos invit\u00e9s, vos \u00e9quipes et vos artistes lors de <strong>tournages<\/strong>, <strong>festivals<\/strong>, <strong>mariages<\/strong>, ou tout autre type d\u2019\u00e9v\u00e9nement. Nos <strong>loges mobiles<\/strong> et <strong>bureaux mobiles<\/strong> vous offrent flexibilit\u00e9, confort et personnalisation pour chaque occasion.<\/p>\n\n\n\n<p>Nos <strong>v\u00e9hicules am\u00e9nag\u00e9s<\/strong> sont l&rsquo;option parfaite pour garantir une exp\u00e9rience inoubliable, tout en r\u00e9pondant \u00e0 vos besoins logistiques, que ce soit pour un <strong>\u00e9v\u00e9nement VIP<\/strong>, un <strong>tournage de film<\/strong> ou une <strong>r\u00e9ception priv\u00e9e<\/strong>.<\/p>\n\n\n\n<p>Pour en savoir plus et r\u00e9server nos <strong>v\u00e9hicules am\u00e9nag\u00e9s<\/strong>, cliquez sur le lien suivant : <a href=\"https:\/\/location-loge.fr\/blog\/index.php\/vehicules-amenages-pour-evenements\/\" target=\"_blank\" rel=\"noreferrer noopener\">D\u00e9couvrez nos V\u00e9hicules Am\u00e9nag\u00e9s pour \u00c9v\u00e9nements<\/a>.<\/p>\n\n\n\n<p><\/p>\n\n\n\n<h3 class=\"wp-block-heading\">4. <strong>Containers Mobiles pour \u00c9v\u00e9nements<\/strong><\/h3>\n\n\n\n<p>D\u00e9couvrez nos <strong>containers mobiles<\/strong> de luxe, sp\u00e9cialement con\u00e7us pour r\u00e9pondre \u00e0 tous vos besoins lors de <strong>tournages<\/strong>, <strong>festivals<\/strong>, <strong>mariages<\/strong> et autres \u00e9v\u00e9nements. Nos <strong>containers mobiles<\/strong> sont une solution parfaite pour offrir un espace confortable, flexible et fonctionnel, tout en permettant une installation rapide et facile sur n\u2019importe quel site.<\/p>\n\n\n\n<p>Que vous ayez besoin de <strong>loges VIP<\/strong>, d\u2019<strong>espaces de maquillage<\/strong>, ou de <strong>bureaux mobiles<\/strong> pour vos \u00e9quipes de production, nos <strong>containers mobiles<\/strong> s&rsquo;adaptent \u00e0 toutes les configurations et garantissent un confort optimal pour vos invit\u00e9s ou vos \u00e9quipes.<\/p>\n\n\n\n<p>Pour en savoir plus et r\u00e9server nos <strong>containers mobiles<\/strong>, cliquez sur le lien suivant : <a href=\"https:\/\/location-loge.fr\/blog\/index.php\/location-de-loges-mobiles-et-containers-pour-tous-types-devenements-prod19\/\" target=\"_blank\" rel=\"noreferrer noopener\">D\u00e9couvrez nos Containers Mobiles pour \u00c9v\u00e9nements<\/a>.<\/p>\n\n\n\n<p><\/p>\n\n\n\n<h3 class=\"wp-block-heading\">5. <strong>Espaces Modulaires Mobiles pour \u00c9v\u00e9nements<\/strong><\/h3>\n\n\n\n<p>D\u00e9couvrez nos <strong>espaces modulaires mobiles<\/strong>, une solution flexible et pratique pour tous vos <strong>\u00e9v\u00e9nements<\/strong>. Que ce soit pour des <strong>tournages<\/strong>, des <strong>festivals<\/strong>, des <strong>r\u00e9ceptions priv\u00e9es<\/strong> ou des <strong>mariages<\/strong>, nos <strong>espaces modulaires mobiles<\/strong> sont con\u00e7us pour offrir confort, s\u00e9curit\u00e9 et personnalisation selon vos besoins sp\u00e9cifiques.<\/p>\n\n\n\n<p>Nos <strong>espaces modulaires mobiles<\/strong> sont parfaits pour les situations n\u00e9cessitant des espaces adapt\u00e9s et facilement transportables. Offrant des <strong>loges de maquillage<\/strong>, des <strong>bureaux mobiles<\/strong>, ou des <strong>espaces VIP<\/strong>, chaque module peut \u00eatre configur\u00e9 pour r\u00e9pondre \u00e0 vos exigences, garantissant un confort optimal et une efficacit\u00e9 maximale pendant votre \u00e9v\u00e9nement.<\/p>\n\n\n\n<p>Pour en savoir plus et r\u00e9server nos <strong>espaces modulaires mobiles<\/strong>, cliquez sur le lien suivant : <a href=\"https:\/\/location-loge.fr\/blog\/index.php\/espaces-modulaires-mobiles-pour-evenements\/\" target=\"_blank\" rel=\"noreferrer noopener\">D\u00e9couvrez nos Espaces Modulaires Mobiles pour \u00c9v\u00e9nements<\/a>.<\/p>\n\n\n\n<p><\/p>\n\n\n\n<h3 class=\"wp-block-heading\">6. <strong>Unit\u00e9s Mobiles de Luxe pour Tous Types d&rsquo;\u00c9v\u00e9nements<\/strong><\/h3>\n\n\n\n<p>D\u00e9couvrez nos <strong>unit\u00e9s mobiles de luxe<\/strong>, sp\u00e9cialement con\u00e7ues pour offrir un confort exceptionnel et une fonctionnalit\u00e9 optimale pour vos \u00e9v\u00e9nements. Que ce soit pour des <strong>tournages de films<\/strong>, des <strong>festivals<\/strong>, des <strong>mariages<\/strong>, ou des <strong>r\u00e9ceptions priv\u00e9es<\/strong>, nos <strong>unit\u00e9s mobiles<\/strong> sont l\u2019option id\u00e9ale pour vous fournir l&rsquo;espace et le confort n\u00e9cessaires tout en restant flexibles et mobiles.<\/p>\n\n\n\n<p>Nos <strong>unit\u00e9s mobiles de luxe<\/strong> incluent des <strong>loges VIP<\/strong>, des <strong>bureaux mobiles<\/strong>, des <strong>espaces priv\u00e9s<\/strong> pour les invit\u00e9s et bien plus encore. Chaque unit\u00e9 est \u00e9quip\u00e9e de fa\u00e7on haut de gamme, offrant des installations modernes pour garantir une exp\u00e9rience inoubliable \u00e0 vos invit\u00e9s ou \u00e0 vos \u00e9quipes.<\/p>\n\n\n\n<p>Pour en savoir plus et r\u00e9server nos <strong>unit\u00e9s mobiles de luxe<\/strong>, cliquez sur le lien suivant : <a href=\"https:\/\/location-loge.fr\/blog\/index.php\/unite-mobiles-de-luxe-pour-tous-types-devenements\/\" target=\"_blank\" rel=\"noreferrer noopener\">D\u00e9couvrez nos Unit\u00e9s Mobiles de Luxe pour \u00c9v\u00e9nements<\/a>.<\/p>\n\n\n\n<p><\/p>\n\n\n\n<h3 class=\"wp-block-heading\">7. <strong>Solutions Mobiles Sur Mesure pour \u00c9v\u00e9nements<\/strong><\/h3>\n\n\n\n<p>D\u00e9couvrez nos <strong>solutions mobiles sur mesure<\/strong> qui s\u2019adaptent parfaitement \u00e0 tous vos besoins. Que ce soit pour des <strong>tournages<\/strong>, des <strong>festivals<\/strong>, des <strong>r\u00e9ceptions VIP<\/strong>, ou des <strong>mariages<\/strong>, nos <strong>solutions mobiles sur mesure<\/strong> sont con\u00e7ues pour offrir flexibilit\u00e9, confort et personnalisation. Chaque solution est con\u00e7ue en fonction de vos exigences sp\u00e9cifiques, pour garantir que chaque espace r\u00e9ponde aux besoins de votre \u00e9v\u00e9nement.<\/p>\n\n\n\n<p>Nos <strong>solutions mobiles<\/strong> comprennent des <strong>loges priv\u00e9es<\/strong>, des <strong>espaces de maquillage<\/strong>, des <strong>bureaux mobiles<\/strong> et bien plus, offrant ainsi un confort et une praticit\u00e9 in\u00e9gal\u00e9s sur n\u2019importe quel site.<\/p>\n\n\n\n<p>Pour en savoir plus et r\u00e9server nos <strong>solutions mobiles sur mesure<\/strong>, cliquez sur le lien suivant : <a href=\"https:\/\/location-loge.fr\/blog\/index.php\/solutions-mobiles-sur-mesure-pour-evenements\/\" target=\"_blank\" rel=\"noreferrer noopener\">D\u00e9couvrez nos Solutions Mobiles Sur Mesure pour \u00c9v\u00e9nements<\/a>.<\/p>\n\n\n\n<hr class=\"wp-block-separator has-alpha-channel-opacity\"\/>\n\n\n\n<h3 class=\"wp-block-heading\">8. <strong>Espaces Priv\u00e9s Mobiles pour Artistes et Invit\u00e9s<\/strong><\/h3>\n\n\n\n<p>Nos <strong>espaces priv\u00e9s mobiles<\/strong> sont id\u00e9aux pour offrir un environnement calme et confortable aux <strong>artistes<\/strong> et <strong>invit\u00e9s VIP<\/strong> lors de <strong>festivals<\/strong>, <strong>concerts<\/strong>, <strong>tournages de films<\/strong> ou <strong>r\u00e9ceptions priv\u00e9es<\/strong>. Con\u00e7us pour allier luxe et confort, nos <strong>espaces priv\u00e9s mobiles<\/strong> permettent de cr\u00e9er un lieu intime, tout en \u00e9tant totalement mobiles et facilement installables o\u00f9 vous le souhaitez.<\/p>\n\n\n\n<p>Ces <strong>espaces priv\u00e9s mobiles<\/strong> sont parfaits pour accueillir des <strong>artistes<\/strong>, des <strong>invit\u00e9s<\/strong> ou des <strong>\u00e9quipes techniques<\/strong>, garantissant une exp\u00e9rience agr\u00e9able et fonctionnelle.<\/p>\n\n\n\n<p>Pour en savoir plus et r\u00e9server nos <strong>espaces priv\u00e9s mobiles<\/strong>, cliquez sur le lien suivant : <a href=\"https:\/\/location-loge.fr\/blog\/index.php\/espaces-prives-mobiles-pour-artistes-et-invites\/\" target=\"_blank\" rel=\"noreferrer noopener\">D\u00e9couvrez nos Espaces Priv\u00e9s Mobiles pour Artistes et Invit\u00e9s<\/a>.<\/p>\n\n\n\n<hr class=\"wp-block-separator has-alpha-channel-opacity\"\/>\n\n\n\n<h3 class=\"wp-block-heading\">9. <strong>Bureaux Mobiles pour Tournages et Productions<\/strong><\/h3>\n\n\n\n<p>Nos <strong>bureaux mobiles<\/strong> sont con\u00e7us pour r\u00e9pondre aux besoins sp\u00e9cifiques des <strong>tournages de films<\/strong>, des <strong>productions t\u00e9l\u00e9visuelles<\/strong>, et des <strong>\u00e9v\u00e9nements professionnels<\/strong>. Offrant tout le confort et l\u2019\u00e9quipement n\u00e9cessaire \u00e0 une gestion efficace sur le terrain, nos <strong>bureaux mobiles<\/strong> sont l\u2019outil id\u00e9al pour les \u00e9quipes de production, les organisateurs d\u2019\u00e9v\u00e9nements et les professionnels.<\/p>\n\n\n\n<p>Avec une <strong>connexion Wi-Fi<\/strong>, des <strong>\u00e9crans<\/strong>, des <strong>syst\u00e8mes de sonorisation<\/strong> et un <strong>mobilier ergonomique<\/strong>, nos <strong>bureaux mobiles<\/strong> permettent \u00e0 vos \u00e9quipes de travailler de mani\u00e8re optimale, m\u00eame en ext\u00e9rieur.<\/p>\n\n\n\n<p>Pour en savoir plus et r\u00e9server nos <strong>bureaux mobiles<\/strong>, cliquez sur le lien suivant : <a href=\"https:\/\/location-loge.fr\/blog\/index.php\/bureaux-mobiles-pour-tournages-et-productions\/\" target=\"_blank\" rel=\"noreferrer noopener\">D\u00e9couvrez nos Bureaux Mobiles pour Tournages et Productions<\/a>.<\/p>\n\n\n\n<hr class=\"wp-block-separator has-alpha-channel-opacity\"\/>\n\n\n\n<h3 class=\"wp-block-heading\">10. <strong>Loges Mobiles pour R\u00e9ceptions et Mariages<\/strong><\/h3>\n\n\n\n<p>Offrez \u00e0 vos invit\u00e9s une exp\u00e9rience inoubliable avec nos <strong>loges mobiles<\/strong> sp\u00e9cialement con\u00e7ues pour les <strong>mariages<\/strong> et <strong>r\u00e9ceptions priv\u00e9es<\/strong>. Nos <strong>loges mobiles pour r\u00e9ceptions<\/strong> sont id\u00e9ales pour offrir un espace \u00e9l\u00e9gant et confortable aux invit\u00e9s, tout en \u00e9tant facilement transportables et adaptables \u00e0 tous types de lieux.<\/p>\n\n\n\n<p>Que ce soit pour une <strong>zone de d\u00e9tente<\/strong> pour les invit\u00e9s, des <strong>loges pour les mari\u00e9s<\/strong>, ou des <strong>espaces priv\u00e9s<\/strong> pour les VIP, nos <strong>loges mobiles<\/strong> apportent la solution id\u00e9ale \u00e0 vos besoins en mati\u00e8re de confort et d\u2019\u00e9l\u00e9gance.<\/p>\n\n\n\n<p>Pour en savoir plus et r\u00e9server nos <strong>loges mobiles pour r\u00e9ceptions et mariages<\/strong>, cliquez sur le lien suivant : <a href=\"https:\/\/location-loge.fr\/blog\/index.php\/loges-mobiles-pour-receptions-et-mariages\/\" target=\"_blank\" rel=\"noreferrer noopener\">D\u00e9couvrez nos Loges Mobiles pour R\u00e9ceptions et Mariages<\/a>.<\/p>\n\n\n\n<hr class=\"wp-block-separator has-alpha-channel-opacity\"\/>\n\n\n\n<h3 class=\"wp-block-heading\">11. <strong>V\u00e9hicules Am\u00e9nag\u00e9s pour \u00c9v\u00e9nements Ext\u00e9rieurs<\/strong><\/h3>\n\n\n\n<p>Nos <strong>v\u00e9hicules am\u00e9nag\u00e9s<\/strong> sont sp\u00e9cialement con\u00e7us pour les <strong>\u00e9v\u00e9nements en ext\u00e9rieur<\/strong>, qu&rsquo;il s\u2019agisse de <strong>festivals<\/strong>, de <strong>tournages<\/strong>, ou de <strong>r\u00e9ceptions priv\u00e9es<\/strong>. Offrant des <strong>espaces modulables<\/strong>, ces <strong>v\u00e9hicules am\u00e9nag\u00e9s<\/strong> peuvent \u00eatre adapt\u00e9s \u00e0 vos besoins sp\u00e9cifiques pour accueillir des <strong>invit\u00e9s<\/strong>, des <strong>artistes<\/strong>, ou des <strong>\u00e9quipes de production<\/strong>.<\/p>\n\n\n\n<p>Ils sont parfaits pour les \u00e9v\u00e9nements o\u00f9 la mobilit\u00e9 est essentielle et garantissent un confort optimal sur n&rsquo;importe quel site, tout en offrant des \u00e9quipements modernes et pratiques.<\/p>\n\n\n\n<p>Pour en savoir plus et r\u00e9server nos <strong>v\u00e9hicules am\u00e9nag\u00e9s<\/strong>, cliquez sur le lien suivant : <a href=\"https:\/\/location-loge.fr\/blog\/index.php\/vehicules-amenages-pour-evenements-exterieurs-2\/\" target=\"_blank\" rel=\"noreferrer noopener\">D\u00e9couvrez nos V\u00e9hicules Am\u00e9nag\u00e9s pour \u00c9v\u00e9nements Ext\u00e9rieurs<\/a>.<\/p>\n\n\n\n<p><\/p>\n\n\n\n<h3 class=\"wp-block-heading\">12. <strong>Loges Mobiles pour Artistes et Performances<\/strong><\/h3>\n\n\n\n<p>D\u00e9couvrez nos <strong>loges mobiles pour artistes<\/strong>, sp\u00e9cialement con\u00e7ues pour offrir \u00e0 vos talents un espace priv\u00e9 et confortable lors de <strong>festivals<\/strong>, <strong>concerts<\/strong>, <strong>tournages de films<\/strong> ou <strong>repr\u00e9sentations th\u00e9\u00e2trales<\/strong>. Nos <strong>loges mobiles<\/strong> sont am\u00e9nag\u00e9es pour r\u00e9pondre aux besoins des artistes, avec un mobilier haut de gamme et des \u00e9quipements modernes.<\/p>\n\n\n\n<p>Offrez \u00e0 vos artistes un environnement intime et agr\u00e9able, o\u00f9 ils peuvent se pr\u00e9parer avant leur performance dans le confort et la tranquillit\u00e9, o\u00f9 que se d\u00e9roule l&rsquo;\u00e9v\u00e9nement.<\/p>\n\n\n\n<p>Pour en savoir plus et r\u00e9server nos <strong>loges mobiles pour artistes<\/strong>, cliquez sur le lien suivant : <a href=\"https:\/\/location-loge.fr\/blog\/index.php\/loges-mobiles-pour-artistes-et-performances\/\" target=\"_blank\" rel=\"noreferrer noopener\">D\u00e9couvrez nos Loges Mobiles pour Artistes<\/a>.<\/p>\n\n\n\n<hr class=\"wp-block-separator has-alpha-channel-opacity\"\/>\n\n\n\n<h3 class=\"wp-block-heading\">13. <strong>Solutions Mobiles pour \u00c9v\u00e9nements d\u2019Entreprise<\/strong><\/h3>\n\n\n\n<p>Nos <strong>solutions mobiles<\/strong> sont id\u00e9ales pour organiser des <strong>r\u00e9unions<\/strong>, des <strong>s\u00e9minaires<\/strong>, ou des <strong>conf\u00e9rences<\/strong> en dehors de votre bureau habituel. Nos <strong>loges et bureaux mobiles<\/strong> vous offrent tout le confort n\u00e9cessaire, avec des espaces fonctionnels et modernes pour travailler, accueillir vos clients ou organiser des pr\u00e9sentations.<\/p>\n\n\n\n<p>Nos unit\u00e9s sont modulables et adaptables \u00e0 vos besoins sp\u00e9cifiques, vous offrant un espace professionnel mobile et flexible pour vos \u00e9v\u00e9nements d\u2019entreprise.<\/p>\n\n\n\n<p>Pour en savoir plus et r\u00e9server nos <strong>solutions mobiles pour \u00e9v\u00e9nements d\u2019entreprise<\/strong>, cliquez sur le lien suivant : <a href=\"https:\/\/location-loge.fr\/blog\/index.php\/solutions-mobiles-pour-evenements-dentreprise\/\" target=\"_blank\" rel=\"noreferrer noopener\">D\u00e9couvrez nos Solutions Mobiles pour \u00c9v\u00e9nements d\u2019Entreprise<\/a>.<\/p>\n\n\n\n<hr class=\"wp-block-separator has-alpha-channel-opacity\"\/>\n\n\n\n<h3 class=\"wp-block-heading\">14. <strong>Caravanes et Loges Mobiles pour \u00c9v\u00e9nements en Ext\u00e9rieur<\/strong><\/h3>\n\n\n\n<p>Si vous organisez un <strong>\u00e9v\u00e9nement en plein air<\/strong>, nos <strong>caravanes et loges mobiles<\/strong> sont la solution id\u00e9ale pour offrir \u00e0 vos invit\u00e9s un cadre confortable et pratique. Adapt\u00e9es aux <strong>festivals<\/strong>, <strong>mariages<\/strong>, ou tout \u00e9v\u00e9nement ext\u00e9rieur, nos <strong>caravanes mobiles<\/strong> sont \u00e9quip\u00e9es pour r\u00e9pondre \u00e0 tous vos besoins, tout en offrant un excellent confort.<\/p>\n\n\n\n<p>Avec des <strong>loges modulables<\/strong> et des \u00e9quipements modernes, nos <strong>caravanes et loges mobiles<\/strong> permettent \u00e0 vos invit\u00e9s de profiter pleinement de l\u2019\u00e9v\u00e9nement, tout en ayant un espace personnel o\u00f9 se reposer ou se pr\u00e9parer.<\/p>\n\n\n\n<p>Pour en savoir plus et r\u00e9server nos <strong>caravanes et loges mobiles pour \u00e9v\u00e9nements ext\u00e9rieurs<\/strong>, cliquez sur le lien suivant : <a href=\"https:\/\/location-loge.fr\/blog\/index.php\/caravanes-et-loges-mobiles-pour-evenements-en-exterieur\/\" target=\"_blank\" rel=\"noreferrer noopener\">D\u00e9couvrez nos Caravanes et Loges Mobiles pour \u00c9v\u00e9nements Ext\u00e9rieurs<\/a>.<\/p>\n\n\n\n<hr class=\"wp-block-separator has-alpha-channel-opacity\"\/>\n\n\n\n<h3 class=\"wp-block-heading\">15. <strong>H\u00e9bergement Mobile pour \u00c9quipes de Tournage<\/strong><\/h3>\n\n\n\n<p>Nos <strong>h\u00e9bergements mobiles<\/strong> sont sp\u00e9cialement con\u00e7us pour les \u00e9quipes de <strong>tournage<\/strong> qui ont besoin d\u2019un espace priv\u00e9 et confortable lors de longues journ\u00e9es de travail sur le plateau. Nos <strong>loges mobiles<\/strong> sont \u00e9quip\u00e9es de tout le n\u00e9cessaire pour permettre \u00e0 vos \u00e9quipes de se reposer, se pr\u00e9parer et s&rsquo;organiser.<\/p>\n\n\n\n<p>Que vous soyez en train de tourner un film, une s\u00e9rie t\u00e9l\u00e9vis\u00e9e, ou m\u00eame un spot publicitaire, nos <strong>loges mobiles<\/strong> garantissent un confort optimal \u00e0 vos \u00e9quipes, tout en offrant un espace fonctionnel.<\/p>\n\n\n\n<p>Pour en savoir plus et r\u00e9server nos <strong>h\u00e9bergements mobiles pour \u00e9quipes de tournage<\/strong>, cliquez sur le lien suivant : <a href=\"https:\/\/location-loge.fr\/blog\/index.php\/hebergement-mobile-pour-equipes-de-tournage\/\" target=\"_blank\" rel=\"noreferrer noopener\">D\u00e9couvrez nos H\u00e9bergements Mobiles pour \u00c9quipes de Tournage<\/a>.<\/p>\n\n\n\n<hr class=\"wp-block-separator has-alpha-channel-opacity\"\/>\n\n\n\n<h3 class=\"wp-block-heading\">16. <strong>Espaces Mobiles pour R\u00e9ceptions de Prestige<\/strong><\/h3>\n\n\n\n<p>D\u00e9couvrez nos <strong>espaces mobiles pour r\u00e9ceptions<\/strong> de prestige, qui offrent une solution \u00e9l\u00e9gante et pratique pour les <strong>mariages<\/strong>, <strong>f\u00eates priv\u00e9es<\/strong>, et <strong>r\u00e9ceptions VIP<\/strong>. Nos <strong>loges mobiles<\/strong> et <strong>bungalows haut de gamme<\/strong> sont id\u00e9aux pour offrir \u00e0 vos invit\u00e9s un cadre raffin\u00e9 et confortable, quel que soit l\u2019endroit o\u00f9 se d\u00e9roule l\u2019\u00e9v\u00e9nement.<\/p>\n\n\n\n<p>Nos <strong>espaces mobiles<\/strong> peuvent \u00eatre enti\u00e8rement personnalis\u00e9s pour correspondre au th\u00e8me de votre \u00e9v\u00e9nement, et sont \u00e9quip\u00e9s avec des mat\u00e9riaux de haute qualit\u00e9 pour offrir \u00e0 vos invit\u00e9s une exp\u00e9rience inoubliable.<\/p>\n\n\n\n<p>Pour en savoir plus et r\u00e9server nos <strong>espaces mobiles pour r\u00e9ceptions de prestige<\/strong>, cliquez sur le lien suivant : <a href=\"https:\/\/location-loge.fr\/blog\/index.php\/espaces-mobiles-pour-receptions-de-prestige\/\" target=\"_blank\" rel=\"noreferrer noopener\">D\u00e9couvrez nos Espaces Mobiles pour R\u00e9ceptions de Prestige<\/a>.<\/p>\n\n\n\n<hr class=\"wp-block-separator has-alpha-channel-opacity\"\/>\n\n\n\n<h3 class=\"wp-block-heading\">17. <strong>Tournages et \u00c9v\u00e9nements Audiovisuels avec Loges Mobiles<\/strong><\/h3>\n\n\n\n<p>Nos <strong>loges mobiles<\/strong> sont sp\u00e9cialement con\u00e7ues pour les besoins sp\u00e9cifiques des productions audiovisuelles. Que ce soit pour des <strong>tournages de films<\/strong>, des <strong>publicit\u00e9s<\/strong>, ou des <strong>\u00e9missions t\u00e9l\u00e9vis\u00e9es<\/strong>, nos <strong>loges mobiles<\/strong> offrent des espaces priv\u00e9s et fonctionnels pour les \u00e9quipes de tournage, les acteurs et les techniciens.<\/p>\n\n\n\n<p>\u00c9quip\u00e9es des derni\u00e8res technologies et de mobilier moderne, nos <strong>loges mobiles<\/strong> offrent un confort optimal, tout en restant modulables et pratiques pour une installation rapide sur le terrain.<\/p>\n\n\n\n<p>Pour en savoir plus et r\u00e9server nos <strong>loges mobiles pour tournages et \u00e9v\u00e9nements audiovisuels<\/strong>, cliquez sur le lien suivant : <a href=\"https:\/\/location-loge.fr\/blog\/index.php\/tournages-et-evenements-audiovisuels-avec-loges-mobiles\/\" target=\"_blank\" rel=\"noreferrer noopener\">D\u00e9couvrez nos Loges Mobiles pour Tournages et \u00c9v\u00e9nements Audiovisuels<\/a>.<\/p>\n\n\n\n<hr class=\"wp-block-separator has-alpha-channel-opacity\"\/>\n\n\n\n<h3 class=\"wp-block-heading\">18. <strong>V\u00e9hicules Am\u00e9nag\u00e9s pour \u00c9v\u00e9nements Sportifs<\/strong><\/h3>\n\n\n\n<p>Nos <strong>v\u00e9hicules am\u00e9nag\u00e9s<\/strong> sont parfaits pour les \u00e9v\u00e9nements sportifs, o\u00f9 la logistique et le confort des participants sont essentiels. Que ce soit pour les <strong>\u00e9quipes sportives<\/strong>, les <strong>commentateurs<\/strong>, ou les <strong>invit\u00e9s VIP<\/strong>, nos <strong>loges mobiles<\/strong> offrent un espace priv\u00e9 et confortable pendant toute la dur\u00e9e de l&rsquo;\u00e9v\u00e9nement.<\/p>\n\n\n\n<p>Ces <strong>espaces mobiles<\/strong> peuvent \u00eatre install\u00e9s sur le site de l&rsquo;\u00e9v\u00e9nement et sont pr\u00eats \u00e0 \u00eatre utilis\u00e9s rapidement pour offrir une exp\u00e9rience in\u00e9gal\u00e9e \u00e0 tous les participants.<\/p>\n\n\n\n<p>Pour en savoir plus et r\u00e9server nos <strong>v\u00e9hicules am\u00e9nag\u00e9s pour \u00e9v\u00e9nements sportifs<\/strong>, cliquez sur le lien suivant : <a href=\"https:\/\/location-loge.fr\/blog\/index.php\/vehicules-amenages-pour-evenements-sportifs\/\" target=\"_blank\" rel=\"noreferrer noopener\">D\u00e9couvrez nos V\u00e9hicules Am\u00e9nag\u00e9s pour \u00c9v\u00e9nements Sportifs<\/a>.<\/p>\n\n\n\n<p><\/p>\n\n\n\n<p><\/p>\n\n\n\n<hr class=\"wp-block-separator has-alpha-channel-opacity\"\/>\n\n\n\n<hr class=\"wp-block-separator has-alpha-channel-opacity\"\/>\n\n\n\n<hr class=\"wp-block-separator has-alpha-channel-opacity\"\/>\n","protected":false},"excerpt":{"rendered":"<p>Introduction : Bienvenue sur notre page \u00ab\u00a0+ de Pages\u00a0\u00bb ! Ici, vous pouvez explorer toutes les pages suppl\u00e9mentaires que nous proposons. Pour une meilleure exp\u00e9rience, nous avons regroup\u00e9 toutes les informations essentielles sous des cat\u00e9gories sp\u00e9cifiques pour vous permettre de naviguer facilement \u00e0 travers notre site. 1. Espaces Mobiles D\u00e9couvrez nos espaces mobiles de luxe, [&hellip;]<\/p>\n","protected":false},"author":1,"featured_media":0,"parent":0,"menu_order":0,"comment_status":"closed","ping_status":"closed","template":"","meta":{"footnotes":""},"class_list":["post-160","page","type-page","status-publish","hentry"],"_links":{"self":[{"href":"https:\/\/location-loge.fr\/blog\/index.php\/wp-json\/wp\/v2\/pages\/160","targetHints":{"allow":["GET"]}}],"collection":[{"href":"https:\/\/location-loge.fr\/blog\/index.php\/wp-json\/wp\/v2\/pages"}],"about":[{"href":"https:\/\/location-loge.fr\/blog\/index.php\/wp-json\/wp\/v2\/types\/page"}],"author":[{"embeddable":true,"href":"https:\/\/location-loge.fr\/blog\/index.php\/wp-json\/wp\/v2\/users\/1"}],"replies":[{"embeddable":true,"href":"https:\/\/location-loge.fr\/blog\/index.php\/wp-json\/wp\/v2\/comments?post=160"}],"version-history":[{"count":21,"href":"https:\/\/location-loge.fr\/blog\/index.php\/wp-json\/wp\/v2\/pages\/160\/revisions"}],"predecessor-version":[{"id":220,"href":"https:\/\/location-loge.fr\/blog\/index.php\/wp-json\/wp\/v2\/pages\/160\/revisions\/220"}],"wp:attachment":[{"href":"https:\/\/location-loge.fr\/blog\/index.php\/wp-json\/wp\/v2\/media?parent=160"}],"curies":[{"name":"wp","href":"https:\/\/api.w.org\/{rel}","templated":true}]}}